{"id":48,"date":"2018-03-02T20:06:09","date_gmt":"2018-03-02T20:06:09","guid":{"rendered":"http:\/\/webredox.net\/demo\/wp\/berlin\/demo1\/?page_id=48"},"modified":"2019-05-14T17:57:30","modified_gmt":"2019-05-14T17:57:30","slug":"blog","status":"publish","type":"page","link":"https:\/\/manzed.com\/es\/blog\/","title":{"rendered":"BLOG"},"content":{"rendered":"<h1 style=\"text-align: center;\"><strong><span style=\"font-size: 14pt;\">Manzed Audio Blog &#8211; Jam\u00f3n Audio<\/span><\/strong><\/h1>\n<p>&nbsp;<\/p>\n<h2 style=\"text-align: center;\"><span style=\"font-size: 12pt;\"><em>&#8220;A little bit about ourselves, what we do and what we like &#8211; an introductory post&#8221;<\/em><\/span><\/h2>\n<p>&nbsp;<\/p>\n<div id=\"attachment_1646\" style=\"width: 370px\" class=\"wp-caption aligncenter\"><img loading=\"lazy\" decoding=\"async\" aria-describedby=\"caption-attachment-1646\" class=\"wp-image-1646 \" src=\"http:\/\/www.manzed.com.mialias.net\/es\/wp-content\/uploads\/2019\/04\/IMG_2187-300x225.jpg\" alt=\"jam\u00f3n, jamon, ham, iberian ham, ib\u00e9rico, Spain, Espa\u00f1a, pork, pig, cerdo, manzed, manzedaudio\" width=\"360\" height=\"270\" srcset=\"https:\/\/manzed.com\/es\/wp-content\/uploads\/2019\/04\/IMG_2187-300x225.jpg 300w, https:\/\/manzed.com\/es\/wp-content\/uploads\/2019\/04\/IMG_2187-768x576.jpg 768w, https:\/\/manzed.com\/es\/wp-content\/uploads\/2019\/04\/IMG_2187-1024x768.jpg 1024w\" sizes=\"auto, (max-width: 360px) 100vw, 360px\" \/><p id=\"caption-attachment-1646\" class=\"wp-caption-text\"><span style=\"font-size: 10pt;\">\u00a0 \u00a0 \u00a0 \u00a0 \u00a0 \u00a0 \u00a0 \u00a0 \u00a0 \u00a0 \u00a0&#8220;The lovely jam\u00f3n&#8221; &#8211; Picture by Manzed\u2122<\/span><\/p><\/div>\n<p>&nbsp;<\/p>\n<p>Manzed is to audio like Spanish ham is to the culinary world. It\u2019s betting heavily for state-of-the-art sound and audio quality. It\u2019s a way of thinking, a way of doing things, a way to explore the inner aspect of any action taken, aiming always to reach the best results. It is love and affection to everything related to audio from dialogue recording to sound design, through to music production, audio post, live sound, sound technology and many others. It is this was has put us up on the map.<\/p>\n<p>&nbsp;<\/p>\n<p>As tech is becoming more and more part of our lives and more intrinsically in the Audio field, Manzed Audio is half human half machine(s). I&#8217;m <a href=\"https:\/\/www.linkedin.com\/in\/manzedaudio\/\">Juan Martinez<\/a>, Spanish MSc Audio Production postgraduate awarded with distinction at the University of Salford (Manchester, UK). I moved to the UK 11 years ago after obtaining my 5-year degree in Audiovisual Communication willing to improve my skills within the Audio field. Where best to go than Great Britain, cradle of the sound engineering and audio-related studies in Europe? Therefore, after a year working, thinking and wondering in my hometown of Sevilla (Spain), decided to pack myself up and make the move to Scotland.<\/p>\n<p>&nbsp;<\/p>\n<p>I consider myself an enthusiastic human being who enjoys living his life, studies what he likes and tries his best at everything he does. Also, I try to be a good friend of my friends, easy going with colleagues, very focused and serious while working but always have time for a laugh or a joke.<\/p>\n<p>&nbsp;<\/p>\n<p>Me and my other halves (the machines) have created this blog to share all kind of ideas, comments, projects, thoughts, subjects and opinions. Here we can discuss all things audio and other stuff, I&#8217;m open to suggestions.<\/p>\n<p>&nbsp;<\/p>\n<p>Hope you enjoy it!<\/p>\n<p>&nbsp;<\/p>\n<p>Juan<\/p>\n<p>&nbsp;<\/p>\n<p style=\"text-align: center;\"><a href=\"http:\/\/www.manzed.com.mialias.net\/es\">Back to our site!<\/a><\/p>\n","protected":false},"excerpt":{"rendered":"<p>Manzed Audio Blog &#8211; Jam\u00f3n Audio &nbsp; &#8220;A little bit about ourselves, what we do and what we like &#8211; an introductory post&#8221; &nbsp; &nbsp; Manzed is to audio like Spanish ham is to the culinary world. It\u2019s betting heavily for state-of-the-art sound and audio quality. It\u2019s a way of thinking, a way of doing [&hellip;]<\/p>\n","protected":false},"author":1,"featured_media":377,"parent":0,"menu_order":0,"comment_status":"closed","ping_status":"closed","template":"","meta":{"footnotes":""},"class_list":["post-48","page","type-page","status-publish","has-post-thumbnail","hentry"],"yoast_head":"<!-- This site is optimized with the Yoast SEO plugin v26.9 - https:\/\/yoast.com\/product\/yoast-seo-wordpress\/ -->\n<title>BLOG | MANZED Audio ES - Manzed Audio Blog<\/title>\n<meta name=\"description\" content=\"Manzed Audio blog, a place for our thoughts, ideas, rambling and whatever we feel like. It&#039;s a side note to the formality of the commercial website itself.\" \/>\n<meta name=\"robots\" content=\"index, follow, max-snippet:-1, max-image-preview:large, max-video-preview:-1\" \/>\n<link rel=\"canonical\" href=\"https:\/\/manzed.com\/es\/blog\/\" \/>\n<meta property=\"og:locale\" content=\"en_US\" \/>\n<meta property=\"og:type\" content=\"article\" \/>\n<meta property=\"og:title\" content=\"BLOG | MANZED Audio ES - Manzed Audio Blog\" \/>\n<meta property=\"og:description\" content=\"Manzed Audio blog, a place for our thoughts, ideas, rambling and whatever we feel like. It&#039;s a side note to the formality of the commercial website itself.\" \/>\n<meta property=\"og:url\" content=\"https:\/\/manzed.com\/es\/blog\/\" \/>\n<meta property=\"og:site_name\" content=\"MANZED Audio ES\" \/>\n<meta property=\"article:publisher\" content=\"https:\/\/www.facebook.com\/manzedsound\/\" \/>\n<meta property=\"article:modified_time\" content=\"2019-05-14T17:57:30+00:00\" \/>\n<meta property=\"og:image\" content=\"http:\/\/www.manzed.com.mialias.net\/es\/wp-content\/uploads\/2019\/04\/IMG_2187-300x225.jpg\" \/>\n<meta name=\"twitter:card\" content=\"summary_large_image\" \/>\n<meta name=\"twitter:site\" content=\"@ManzedAudio\" \/>\n<meta name=\"twitter:label1\" content=\"Est. reading time\" \/>\n\t<meta name=\"twitter:data1\" content=\"2 minutes\" \/>\n<script type=\"application\/ld+json\" class=\"yoast-schema-graph\">{\"@context\":\"https:\/\/schema.org\",\"@graph\":[{\"@type\":\"WebPage\",\"@id\":\"https:\/\/manzed.com\/es\/blog\/\",\"url\":\"https:\/\/manzed.com\/es\/blog\/\",\"name\":\"BLOG | MANZED Audio ES - Manzed Audio Blog\",\"isPartOf\":{\"@id\":\"http:\/\/www.manzed.com.mialias.net\/es\/#website\"},\"primaryImageOfPage\":{\"@id\":\"https:\/\/manzed.com\/es\/blog\/#primaryimage\"},\"image\":{\"@id\":\"https:\/\/manzed.com\/es\/blog\/#primaryimage\"},\"thumbnailUrl\":\"\",\"datePublished\":\"2018-03-02T20:06:09+00:00\",\"dateModified\":\"2019-05-14T17:57:30+00:00\",\"description\":\"Manzed Audio blog, a place for our thoughts, ideas, rambling and whatever we feel like. It's a side note to the formality of the commercial website itself.\",\"breadcrumb\":{\"@id\":\"https:\/\/manzed.com\/es\/blog\/#breadcrumb\"},\"inLanguage\":\"en-US\",\"potentialAction\":[{\"@type\":\"ReadAction\",\"target\":[\"https:\/\/manzed.com\/es\/blog\/\"]}]},{\"@type\":\"ImageObject\",\"inLanguage\":\"en-US\",\"@id\":\"https:\/\/manzed.com\/es\/blog\/#primaryimage\",\"url\":\"\",\"contentUrl\":\"\"},{\"@type\":\"BreadcrumbList\",\"@id\":\"https:\/\/manzed.com\/es\/blog\/#breadcrumb\",\"itemListElement\":[{\"@type\":\"ListItem\",\"position\":1,\"name\":\"Home\",\"item\":\"https:\/\/manzed.com\/es\/\"},{\"@type\":\"ListItem\",\"position\":2,\"name\":\"BLOG\"}]},{\"@type\":\"WebSite\",\"@id\":\"http:\/\/www.manzed.com.mialias.net\/es\/#website\",\"url\":\"http:\/\/www.manzed.com.mialias.net\/es\/\",\"name\":\"MANZED Audio ES\",\"description\":\"Manchester sound recordist and audio postproduction engineer\",\"publisher\":{\"@id\":\"http:\/\/www.manzed.com.mialias.net\/es\/#\/schema\/person\/9325d45cc1530c5040b60f0e206f413e\"},\"potentialAction\":[{\"@type\":\"SearchAction\",\"target\":{\"@type\":\"EntryPoint\",\"urlTemplate\":\"http:\/\/www.manzed.com.mialias.net\/es\/?s={search_term_string}\"},\"query-input\":{\"@type\":\"PropertyValueSpecification\",\"valueRequired\":true,\"valueName\":\"search_term_string\"}}],\"inLanguage\":\"en-US\"},{\"@type\":[\"Person\",\"Organization\"],\"@id\":\"http:\/\/www.manzed.com.mialias.net\/es\/#\/schema\/person\/9325d45cc1530c5040b60f0e206f413e\",\"name\":\"manzedaudio\",\"image\":{\"@type\":\"ImageObject\",\"inLanguage\":\"en-US\",\"@id\":\"http:\/\/www.manzed.com.mialias.net\/es\/#\/schema\/person\/image\/\",\"url\":\"https:\/\/manzed.com\/es\/wp-content\/uploads\/2019\/05\/manzed_logo_facebook.jpeg\",\"contentUrl\":\"https:\/\/manzed.com\/es\/wp-content\/uploads\/2019\/05\/manzed_logo_facebook.jpeg\",\"width\":1200,\"height\":630,\"caption\":\"manzedaudio\"},\"logo\":{\"@id\":\"http:\/\/www.manzed.com.mialias.net\/es\/#\/schema\/person\/image\/\"},\"sameAs\":[\"https:\/\/www.facebook.com\/manzedsound\/\",\"https:\/\/www.instagram.com\/manzed\/\",\"https:\/\/www.linkedin.com\/in\/manzedaudio\/\",\"https:\/\/x.com\/https:\/\/twitter.com\/ManzedAudio\",\"https:\/\/www.youtube.com\/user\/manzedaudio\/\"]}]}<\/script>\n<!-- \/ Yoast SEO plugin. -->","yoast_head_json":{"title":"BLOG | MANZED Audio ES - Manzed Audio Blog","description":"Manzed Audio blog, a place for our thoughts, ideas, rambling and whatever we feel like. It's a side note to the formality of the commercial website itself.","robots":{"index":"index","follow":"follow","max-snippet":"max-snippet:-1","max-image-preview":"max-image-preview:large","max-video-preview":"max-video-preview:-1"},"canonical":"https:\/\/manzed.com\/es\/blog\/","og_locale":"en_US","og_type":"article","og_title":"BLOG | MANZED Audio ES - Manzed Audio Blog","og_description":"Manzed Audio blog, a place for our thoughts, ideas, rambling and whatever we feel like. It's a side note to the formality of the commercial website itself.","og_url":"https:\/\/manzed.com\/es\/blog\/","og_site_name":"MANZED Audio ES","article_publisher":"https:\/\/www.facebook.com\/manzedsound\/","article_modified_time":"2019-05-14T17:57:30+00:00","og_image":[{"url":"http:\/\/www.manzed.com.mialias.net\/es\/wp-content\/uploads\/2019\/04\/IMG_2187-300x225.jpg","type":"","width":"","height":""}],"twitter_card":"summary_large_image","twitter_site":"@ManzedAudio","twitter_misc":{"Est. reading time":"2 minutes"},"schema":{"@context":"https:\/\/schema.org","@graph":[{"@type":"WebPage","@id":"https:\/\/manzed.com\/es\/blog\/","url":"https:\/\/manzed.com\/es\/blog\/","name":"BLOG | MANZED Audio ES - Manzed Audio Blog","isPartOf":{"@id":"http:\/\/www.manzed.com.mialias.net\/es\/#website"},"primaryImageOfPage":{"@id":"https:\/\/manzed.com\/es\/blog\/#primaryimage"},"image":{"@id":"https:\/\/manzed.com\/es\/blog\/#primaryimage"},"thumbnailUrl":"","datePublished":"2018-03-02T20:06:09+00:00","dateModified":"2019-05-14T17:57:30+00:00","description":"Manzed Audio blog, a place for our thoughts, ideas, rambling and whatever we feel like. It's a side note to the formality of the commercial website itself.","breadcrumb":{"@id":"https:\/\/manzed.com\/es\/blog\/#breadcrumb"},"inLanguage":"en-US","potentialAction":[{"@type":"ReadAction","target":["https:\/\/manzed.com\/es\/blog\/"]}]},{"@type":"ImageObject","inLanguage":"en-US","@id":"https:\/\/manzed.com\/es\/blog\/#primaryimage","url":"","contentUrl":""},{"@type":"BreadcrumbList","@id":"https:\/\/manzed.com\/es\/blog\/#breadcrumb","itemListElement":[{"@type":"ListItem","position":1,"name":"Home","item":"https:\/\/manzed.com\/es\/"},{"@type":"ListItem","position":2,"name":"BLOG"}]},{"@type":"WebSite","@id":"http:\/\/www.manzed.com.mialias.net\/es\/#website","url":"http:\/\/www.manzed.com.mialias.net\/es\/","name":"MANZED Audio ES","description":"Manchester sound recordist and audio postproduction engineer","publisher":{"@id":"http:\/\/www.manzed.com.mialias.net\/es\/#\/schema\/person\/9325d45cc1530c5040b60f0e206f413e"},"potentialAction":[{"@type":"SearchAction","target":{"@type":"EntryPoint","urlTemplate":"http:\/\/www.manzed.com.mialias.net\/es\/?s={search_term_string}"},"query-input":{"@type":"PropertyValueSpecification","valueRequired":true,"valueName":"search_term_string"}}],"inLanguage":"en-US"},{"@type":["Person","Organization"],"@id":"http:\/\/www.manzed.com.mialias.net\/es\/#\/schema\/person\/9325d45cc1530c5040b60f0e206f413e","name":"manzedaudio","image":{"@type":"ImageObject","inLanguage":"en-US","@id":"http:\/\/www.manzed.com.mialias.net\/es\/#\/schema\/person\/image\/","url":"https:\/\/manzed.com\/es\/wp-content\/uploads\/2019\/05\/manzed_logo_facebook.jpeg","contentUrl":"https:\/\/manzed.com\/es\/wp-content\/uploads\/2019\/05\/manzed_logo_facebook.jpeg","width":1200,"height":630,"caption":"manzedaudio"},"logo":{"@id":"http:\/\/www.manzed.com.mialias.net\/es\/#\/schema\/person\/image\/"},"sameAs":["https:\/\/www.facebook.com\/manzedsound\/","https:\/\/www.instagram.com\/manzed\/","https:\/\/www.linkedin.com\/in\/manzedaudio\/","https:\/\/x.com\/https:\/\/twitter.com\/ManzedAudio","https:\/\/www.youtube.com\/user\/manzedaudio\/"]}]}},"_links":{"self":[{"href":"https:\/\/manzed.com\/es\/wp-json\/wp\/v2\/pages\/48","targetHints":{"allow":["GET"]}}],"collection":[{"href":"https:\/\/manzed.com\/es\/wp-json\/wp\/v2\/pages"}],"about":[{"href":"https:\/\/manzed.com\/es\/wp-json\/wp\/v2\/types\/page"}],"author":[{"embeddable":true,"href":"https:\/\/manzed.com\/es\/wp-json\/wp\/v2\/users\/1"}],"replies":[{"embeddable":true,"href":"https:\/\/manzed.com\/es\/wp-json\/wp\/v2\/comments?post=48"}],"version-history":[{"count":23,"href":"https:\/\/manzed.com\/es\/wp-json\/wp\/v2\/pages\/48\/revisions"}],"predecessor-version":[{"id":1797,"href":"https:\/\/manzed.com\/es\/wp-json\/wp\/v2\/pages\/48\/revisions\/1797"}],"wp:featuredmedia":[{"embeddable":true,"href":"https:\/\/manzed.com\/es\/wp-json\/"}],"wp:attachment":[{"href":"https:\/\/manzed.com\/es\/wp-json\/wp\/v2\/media?parent=48"}],"curies":[{"name":"wp","href":"https:\/\/api.w.org\/{rel}","templated":true}]}}